{"id":7027,"date":"2025-02-24T11:49:42","date_gmt":"2025-02-24T11:49:42","guid":{"rendered":"https:\/\/socksr.stronyowocni.pl\/ueber-uns\/"},"modified":"2025-08-25T08:06:19","modified_gmt":"2025-08-25T08:06:19","slug":"ueber-uns","status":"publish","type":"page","link":"https:\/\/socksr.stronyowocni.pl\/de\/ueber-uns\/","title":{"rendered":"\u00dcber uns"},"content":{"rendered":"\t\t<div data-elementor-type=\"wp-page\" data-elementor-id=\"7027\" class=\"elementor elementor-7027 elementor-3300\" data-elementor-post-type=\"page\">\n\t\t\t\t<div class=\"elementor-element elementor-element-210c9b7 e-con-full e-flex e-con e-parent\" data-id=\"210c9b7\" data-element_type=\"container\" data-settings=\"{&quot;background_background&quot;:&quot;gradient&quot;,&quot;enable_glow_container&quot;:&quot;no&quot;}\">\n\t\t<div class=\"elementor-element elementor-element-cc667b5 e-con-full e-flex e-con e-child\" data-id=\"cc667b5\" data-element_type=\"container\" data-settings=\"{&quot;background_background&quot;:&quot;classic&quot;,&quot;cew_animation_ease&quot;:&quot;power1.out&quot;,&quot;cew_animation_enable&quot;:&quot;yes&quot;,&quot;cew_animation_trigger&quot;:&quot;yes&quot;,&quot;cew_animation_trigger_value&quot;:&quot;body&quot;,&quot;cew_animation_scrub&quot;:&quot;yes&quot;,&quot;cew_animation_scrub_value&quot;:0,&quot;cew_animation_start_toggle&quot;:&quot;yes&quot;,&quot;cew_animation_start_window&quot;:{&quot;unit&quot;:&quot;%&quot;,&quot;size&quot;:0,&quot;sizes&quot;:[]},&quot;cew_animation_end_toggle&quot;:&quot;yes&quot;,&quot;cew_animation_end_window&quot;:{&quot;unit&quot;:&quot;%&quot;,&quot;size&quot;:-100,&quot;sizes&quot;:[]},&quot;cew_animation_end_element&quot;:{&quot;unit&quot;:&quot;%&quot;,&quot;size&quot;:0,&quot;sizes&quot;:[]},&quot;cew_animation_translate_y_toggle&quot;:&quot;yes&quot;,&quot;cew_animation_to_translate_y&quot;:{&quot;unit&quot;:&quot;%&quot;,&quot;size&quot;:35,&quot;sizes&quot;:[]},&quot;enable_glow_container&quot;:&quot;no&quot;,&quot;cew_animation_start_element&quot;:{&quot;unit&quot;:&quot;%&quot;,&quot;size&quot;:0,&quot;sizes&quot;:[]},&quot;cew_animation_from_translate_y&quot;:{&quot;unit&quot;:&quot;%&quot;,&quot;size&quot;:0,&quot;sizes&quot;:[]},&quot;cew_animation_from_translate_y_tablet&quot;:{&quot;unit&quot;:&quot;px&quot;,&quot;size&quot;:&quot;&quot;,&quot;sizes&quot;:[]},&quot;cew_animation_from_translate_y_mobile&quot;:{&quot;unit&quot;:&quot;px&quot;,&quot;size&quot;:&quot;&quot;,&quot;sizes&quot;:[]},&quot;cew_animation_to_translate_y_tablet&quot;:{&quot;unit&quot;:&quot;px&quot;,&quot;size&quot;:&quot;&quot;,&quot;sizes&quot;:[]},&quot;cew_animation_to_translate_y_mobile&quot;:{&quot;unit&quot;:&quot;px&quot;,&quot;size&quot;:&quot;&quot;,&quot;sizes&quot;:[]}}\">\n\t\t<div class=\"elementor-element elementor-element-f126f7b e-con-full e-flex e-con e-child\" data-id=\"f126f7b\" data-element_type=\"container\" data-settings=\"{&quot;enable_glow_container&quot;:&quot;no&quot;}\">\n\t\t\t\t<div class=\"elementor-element elementor-element-d80d4ee elementor-widget elementor-widget-image\" data-id=\"d80d4ee\" data-element_type=\"widget\" data-widget_type=\"image.default\">\n\t\t\t\t<div class=\"elementor-widget-container\">\n\t\t\t\t\t\t\t\t\t\t\t\t\t\t\t<img fetchpriority=\"high\" decoding=\"async\" width=\"800\" height=\"943\" src=\"https:\/\/socksr.stronyowocni.pl\/wp-content\/uploads\/2025\/07\/X9A4036w.jpg\" class=\"attachment-large size-large wp-image-6395\" alt=\"\" srcset=\"https:\/\/socksr.stronyowocni.pl\/wp-content\/uploads\/2025\/07\/X9A4036w.jpg 800w, https:\/\/socksr.stronyowocni.pl\/wp-content\/uploads\/2025\/07\/X9A4036w-255x300.jpg 255w, https:\/\/socksr.stronyowocni.pl\/wp-content\/uploads\/2025\/07\/X9A4036w-768x905.jpg 768w\" sizes=\"(max-width: 800px) 100vw, 800px\" \/>\t\t\t\t\t\t\t\t\t\t\t\t\t\t\t<\/div>\n\t\t\t\t<\/div>\n\t\t\t\t<\/div>\n\t\t\t\t<div class=\"elementor-element elementor-element-e41d52c elementor-hidden-tablet elementor-hidden-mobile elementor-widget elementor-widget-html\" data-id=\"e41d52c\" data-element_type=\"widget\" data-widget_type=\"html.default\">\n\t\t\t\t<div class=\"elementor-widget-container\">\n\t\t\t\t\t<div id=\"scroll-down\">\n  <span class=\"arrow-down\"><\/span>\n<\/div>\t\t\t\t<\/div>\n\t\t\t\t<\/div>\n\t\t<div class=\"elementor-element elementor-element-7682693 e-con-full e-flex e-con e-child\" data-id=\"7682693\" data-element_type=\"container\" data-settings=\"{&quot;enable_glow_container&quot;:&quot;no&quot;}\">\n\t\t\t\t<div class=\"elementor-element elementor-element-c68dc04 elementor-widget elementor-widget-heading\" data-id=\"c68dc04\" data-element_type=\"widget\" data-widget_type=\"heading.default\">\n\t\t\t\t<div class=\"elementor-widget-container\">\n\t\t\t\t\t<h2 class=\"elementor-heading-title elementor-size-default\">Unsere Leute, <\/h2>\t\t\t\t<\/div>\n\t\t\t\t<\/div>\n\t\t\t\t<div class=\"elementor-element elementor-element-589fab4 elementor-widget elementor-widget-heading\" data-id=\"589fab4\" data-element_type=\"widget\" data-widget_type=\"heading.default\">\n\t\t\t\t<div class=\"elementor-widget-container\">\n\t\t\t\t\t<h2 class=\"elementor-heading-title elementor-size-default\"> Sind <b>jetzt<\/b><\/h2>\t\t\t\t<\/div>\n\t\t\t\t<\/div>\n\t\t\t\t<div class=\"elementor-element elementor-element-b1ddda7 elementor-widget elementor-widget-heading\" data-id=\"b1ddda7\" data-element_type=\"widget\" data-widget_type=\"heading.default\">\n\t\t\t\t<div class=\"elementor-widget-container\">\n\t\t\t\t\t<h2 class=\"elementor-heading-title elementor-size-default\"> <b> Ihre Leute<\/b><\/h2>\t\t\t\t<\/div>\n\t\t\t\t<\/div>\n\t\t\t\t<\/div>\n\t\t\t\t<\/div>\n\t\t<div class=\"elementor-element elementor-element-04299f8 e-con-full e-flex e-con e-child\" data-id=\"04299f8\" data-element_type=\"container\" data-settings=\"{&quot;background_background&quot;:&quot;classic&quot;,&quot;cew_animation_enable&quot;:&quot;yes&quot;,&quot;cew_animation_ease&quot;:&quot;power1.out&quot;,&quot;cew_animation_scrub&quot;:&quot;yes&quot;,&quot;cew_animation_start_toggle&quot;:&quot;yes&quot;,&quot;cew_animation_end_toggle&quot;:&quot;yes&quot;,&quot;cew_animation_end_element&quot;:{&quot;unit&quot;:&quot;%&quot;,&quot;size&quot;:20,&quot;sizes&quot;:[]},&quot;cew_animation_clipPath_toggle&quot;:&quot;yes&quot;,&quot;cew_animation_from_clipPath_inset&quot;:{&quot;unit&quot;:&quot;%&quot;,&quot;top&quot;:&quot;10&quot;,&quot;right&quot;:&quot;10&quot;,&quot;bottom&quot;:&quot;0&quot;,&quot;left&quot;:&quot;10&quot;,&quot;isLinked&quot;:false},&quot;cew_animation_to_clipPath_inset&quot;:{&quot;unit&quot;:&quot;%&quot;,&quot;top&quot;:&quot;0&quot;,&quot;right&quot;:&quot;0&quot;,&quot;bottom&quot;:&quot;0&quot;,&quot;left&quot;:&quot;0&quot;,&quot;isLinked&quot;:false},&quot;cew_animation_from_borderRadius&quot;:{&quot;unit&quot;:&quot;px&quot;,&quot;top&quot;:&quot;50&quot;,&quot;right&quot;:&quot;50&quot;,&quot;bottom&quot;:&quot;0&quot;,&quot;left&quot;:&quot;0&quot;,&quot;isLinked&quot;:false},&quot;cew_animation_to_borderRadius&quot;:{&quot;unit&quot;:&quot;px&quot;,&quot;top&quot;:&quot;50&quot;,&quot;right&quot;:&quot;50&quot;,&quot;bottom&quot;:&quot;0&quot;,&quot;left&quot;:&quot;0&quot;,&quot;isLinked&quot;:false},&quot;enable_glow_container&quot;:&quot;no&quot;,&quot;cew_animation_start_window&quot;:{&quot;unit&quot;:&quot;%&quot;,&quot;size&quot;:100,&quot;sizes&quot;:[]},&quot;cew_animation_start_element&quot;:{&quot;unit&quot;:&quot;%&quot;,&quot;size&quot;:0,&quot;sizes&quot;:[]},&quot;cew_animation_end_window&quot;:{&quot;unit&quot;:&quot;%&quot;,&quot;size&quot;:0,&quot;sizes&quot;:[]},&quot;cew_animation_from_clipPath_inset_tablet&quot;:{&quot;unit&quot;:&quot;px&quot;,&quot;top&quot;:&quot;&quot;,&quot;right&quot;:&quot;&quot;,&quot;bottom&quot;:&quot;&quot;,&quot;left&quot;:&quot;&quot;,&quot;isLinked&quot;:true},&quot;cew_animation_from_clipPath_inset_mobile&quot;:{&quot;unit&quot;:&quot;px&quot;,&quot;top&quot;:&quot;&quot;,&quot;right&quot;:&quot;&quot;,&quot;bottom&quot;:&quot;&quot;,&quot;left&quot;:&quot;&quot;,&quot;isLinked&quot;:true},&quot;cew_animation_to_clipPath_inset_tablet&quot;:{&quot;unit&quot;:&quot;px&quot;,&quot;top&quot;:&quot;&quot;,&quot;right&quot;:&quot;&quot;,&quot;bottom&quot;:&quot;&quot;,&quot;left&quot;:&quot;&quot;,&quot;isLinked&quot;:true},&quot;cew_animation_to_clipPath_inset_mobile&quot;:{&quot;unit&quot;:&quot;px&quot;,&quot;top&quot;:&quot;&quot;,&quot;right&quot;:&quot;&quot;,&quot;bottom&quot;:&quot;&quot;,&quot;left&quot;:&quot;&quot;,&quot;isLinked&quot;:true},&quot;cew_animation_from_borderRadius_tablet&quot;:{&quot;unit&quot;:&quot;px&quot;,&quot;top&quot;:&quot;&quot;,&quot;right&quot;:&quot;&quot;,&quot;bottom&quot;:&quot;&quot;,&quot;left&quot;:&quot;&quot;,&quot;isLinked&quot;:true},&quot;cew_animation_from_borderRadius_mobile&quot;:{&quot;unit&quot;:&quot;px&quot;,&quot;top&quot;:&quot;&quot;,&quot;right&quot;:&quot;&quot;,&quot;bottom&quot;:&quot;&quot;,&quot;left&quot;:&quot;&quot;,&quot;isLinked&quot;:true},&quot;cew_animation_to_borderRadius_tablet&quot;:{&quot;unit&quot;:&quot;px&quot;,&quot;top&quot;:&quot;&quot;,&quot;right&quot;:&quot;&quot;,&quot;bottom&quot;:&quot;&quot;,&quot;left&quot;:&quot;&quot;,&quot;isLinked&quot;:true},&quot;cew_animation_to_borderRadius_mobile&quot;:{&quot;unit&quot;:&quot;px&quot;,&quot;top&quot;:&quot;&quot;,&quot;right&quot;:&quot;&quot;,&quot;bottom&quot;:&quot;&quot;,&quot;left&quot;:&quot;&quot;,&quot;isLinked&quot;:true}}\">\n\t\t<div class=\"elementor-element elementor-element-4db279c e-con-full e-flex e-con e-child\" data-id=\"4db279c\" data-element_type=\"container\" data-settings=\"{&quot;enable_glow_container&quot;:&quot;no&quot;}\">\n\t\t\t\t<div class=\"elementor-element elementor-element-0046916 elementor-widget elementor-widget-heading\" data-id=\"0046916\" data-element_type=\"widget\" data-widget_type=\"heading.default\">\n\t\t\t\t<div class=\"elementor-widget-container\">\n\t\t\t\t\t<h2 class=\"elementor-heading-title elementor-size-default\"><b>Eine in \u0141\u00f3d\u017a gewebte Geschichte<\/b><\/h2>\t\t\t\t<\/div>\n\t\t\t\t<\/div>\n\t\t\t\t<\/div>\n\t\t\t\t<div class=\"elementor-element elementor-element-ee8faa4 elementor-widget__width-initial elementor-widget elementor-widget-text-editor\" data-id=\"ee8faa4\" data-element_type=\"widget\" data-widget_type=\"text-editor.default\">\n\t\t\t\t<div class=\"elementor-widget-container\">\n\t\t\t\t\t\t\t\t\tWas im Textilviertel von Lodz begann, hat sich zu einer globalen Erfolgsgeschichte entwickelt. Von bescheidenen Anf\u00e4ngen bis zur Partnerschaft mit globalen Giganten. Vierzig Jahre, Tausende von Designs, Millionen von Paaren \u2013 jedes erz\u00e4hlt eine Geschichte von Partnerschaft und Pr\u00e4zision.<br><br>Unser Weg nach vorne? Wir wollen der Top-Partner f\u00fcr individuelle Socken f\u00fcr europ\u00e4ische Unternehmen werden, durch bessere Technologie und nachhaltige Praktiken. <br><br>Wir investieren in automatisierte Produktionslinien und umweltfreundliche Materialien, um unseren CO2-Fu\u00dfabdruck zu reduzieren. Einfache Ziele, messbare Ergebnisse. \t\t\t\t\t\t\t\t<\/div>\n\t\t\t\t<\/div>\n\t\t\t\t<\/div>\n\t\t\t\t<\/div>\n\t\t<div class=\"elementor-element elementor-element-91780ad e-con-full e-flex e-con e-parent\" data-id=\"91780ad\" data-element_type=\"container\" data-settings=\"{&quot;enable_glow_container&quot;:&quot;no&quot;}\">\n\t\t<div class=\"elementor-element elementor-element-4bd8c7d e-con-full e-flex e-con e-child\" data-id=\"4bd8c7d\" data-element_type=\"container\" data-settings=\"{&quot;background_background&quot;:&quot;classic&quot;,&quot;enable_glow_container&quot;:&quot;no&quot;}\">\n\t\t<div class=\"elementor-element elementor-element-e754cf7 e-con-full e-flex e-con e-child\" data-id=\"e754cf7\" data-element_type=\"container\" data-settings=\"{&quot;background_background&quot;:&quot;classic&quot;,&quot;enable_glow_container&quot;:&quot;no&quot;}\">\n\t\t\t\t<div class=\"elementor-element elementor-element-38b6ac3 elementor-widget elementor-widget-image\" data-id=\"38b6ac3\" data-element_type=\"widget\" data-widget_type=\"image.default\">\n\t\t\t\t<div class=\"elementor-widget-container\">\n\t\t\t\t\t\t\t\t\t\t\t\t\t\t\t<img decoding=\"async\" width=\"800\" height=\"600\" src=\"https:\/\/socksr.stronyowocni.pl\/wp-content\/uploads\/2025\/07\/zesp-1024x768.jpg\" class=\"attachment-large size-large wp-image-6377\" alt=\"\" srcset=\"https:\/\/socksr.stronyowocni.pl\/wp-content\/uploads\/2025\/07\/zesp-1024x768.jpg 1024w, https:\/\/socksr.stronyowocni.pl\/wp-content\/uploads\/2025\/07\/zesp-300x225.jpg 300w, https:\/\/socksr.stronyowocni.pl\/wp-content\/uploads\/2025\/07\/zesp-768x576.jpg 768w, https:\/\/socksr.stronyowocni.pl\/wp-content\/uploads\/2025\/07\/zesp.jpg 1280w\" sizes=\"(max-width: 800px) 100vw, 800px\" \/>\t\t\t\t\t\t\t\t\t\t\t\t\t\t\t<\/div>\n\t\t\t\t<\/div>\n\t\t\t\t<\/div>\n\t\t<div class=\"elementor-element elementor-element-c96b81f e-con-full e-flex e-con e-child\" data-id=\"c96b81f\" data-element_type=\"container\" data-settings=\"{&quot;enable_glow_container&quot;:&quot;no&quot;}\">\n\t\t\t\t<div class=\"elementor-element elementor-element-8d1c421 elementor-widget elementor-widget-heading\" data-id=\"8d1c421\" data-element_type=\"widget\" data-settings=\"{&quot;custom-text-animation&quot;:&quot;type3&quot;,&quot;disable_animation_on_mobile&quot;:&quot;no&quot;}\" data-widget_type=\"heading.default\">\n\t\t\t\t<div class=\"elementor-widget-container\">\n\t\t\t\t\t<div data-animation-type=\"type3\" ><h2 class=\"elementor-heading-title elementor-size-default\">Menschen: Unsere wahre St\u00e4rke<\/h2><\/div>\t\t\t\t<\/div>\n\t\t\t\t<\/div>\n\t\t\t\t<div class=\"elementor-element elementor-element-470f03e elementor-widget elementor-widget-text-editor\" data-id=\"470f03e\" data-element_type=\"widget\" data-settings=\"{&quot;cew_animation_ease&quot;:&quot;power1.out&quot;,&quot;cew_animation_enable&quot;:&quot;yes&quot;,&quot;cew_animation_opacity_toggle&quot;:&quot;yes&quot;,&quot;cew_animation_duration&quot;:1,&quot;cew_animation_delay&quot;:0,&quot;cew_animation_from_opacity&quot;:0,&quot;cew_animation_to_opacity&quot;:1}\" data-widget_type=\"text-editor.default\">\n\t\t\t\t<div class=\"elementor-widget-container\">\n\t\t\t\t\t\t\t\t\tObwohl wir f\u00fcr die Herstellung von Premium-Socken bekannt sind, liegt unser eigentlicher Unterschied in unseren Mitarbeitern. Kompetent, ehrlich und flei\u00dfig. \t\t\t\t\t\t\t\t<\/div>\n\t\t\t\t<\/div>\n\t\t\t\t<\/div>\n\t\t\t\t<\/div>\n\t\t<div class=\"elementor-element elementor-element-96fe4cf e-con-full e-flex e-con e-child\" data-id=\"96fe4cf\" data-element_type=\"container\" data-settings=\"{&quot;background_background&quot;:&quot;classic&quot;,&quot;enable_glow_container&quot;:&quot;no&quot;}\">\n\t\t<div class=\"elementor-element elementor-element-5b71542 e-con-full e-flex e-con e-child\" data-id=\"5b71542\" data-element_type=\"container\" data-settings=\"{&quot;enable_glow_container&quot;:&quot;no&quot;}\">\n\t\t\t\t<div class=\"elementor-element elementor-element-72c34e2 elementor-widget elementor-widget-heading\" data-id=\"72c34e2\" data-element_type=\"widget\" data-settings=\"{&quot;custom-text-animation&quot;:&quot;type3&quot;,&quot;disable_animation_on_mobile&quot;:&quot;no&quot;}\" data-widget_type=\"heading.default\">\n\t\t\t\t<div class=\"elementor-widget-container\">\n\t\t\t\t\t<div data-animation-type=\"type3\" ><h2 class=\"elementor-heading-title elementor-size-default\">F\u00fcr den Planeten, die Menschen und Unternehmen sorgen<\/h2><\/div>\t\t\t\t<\/div>\n\t\t\t\t<\/div>\n\t\t\t\t<div class=\"elementor-element elementor-element-e685f6f elementor-widget elementor-widget-text-editor\" data-id=\"e685f6f\" data-element_type=\"widget\" data-settings=\"{&quot;cew_animation_ease&quot;:&quot;power1.out&quot;,&quot;enable_morphing_gradients_background&quot;:&quot;yes&quot;,&quot;cew_animation_enable&quot;:&quot;yes&quot;,&quot;cew_animation_opacity_toggle&quot;:&quot;yes&quot;,&quot;animation_gradient_type&quot;:&quot;type1&quot;,&quot;gradient_speed&quot;:1000,&quot;animation_gradient_color_mix&quot;:&quot;linear&quot;,&quot;cew_animation_duration&quot;:1,&quot;cew_animation_delay&quot;:0,&quot;cew_animation_from_opacity&quot;:0,&quot;cew_animation_to_opacity&quot;:1}\" data-widget_type=\"text-editor.default\">\n\t\t\t\t<div class=\"elementor-widget-container\">\n\t\t\t\t\t\t\t\t\t<p>Wir k\u00fcmmern uns um den Planeten, unterst\u00fctzen Menschen und st\u00e4rken Unternehmen. Mit umweltfreundlichen Materialien und ethischer Produktion treibt uns Nachhaltigkeit an. Lassen Sie uns gemeinsam eine bessere Zukunft schaffen!  <\/p>\t\t\t\t\t\t\t\t<\/div>\n\t\t\t\t<\/div>\n\t\t\t\t<div class=\"elementor-element elementor-element-8158dea elementor-widget elementor-widget-button\" data-id=\"8158dea\" data-element_type=\"widget\" data-settings=\"{&quot;cew_animation_ease&quot;:&quot;power1.out&quot;,&quot;cew_animation_enable&quot;:&quot;yes&quot;,&quot;cew_animation_opacity_toggle&quot;:&quot;yes&quot;,&quot;cew_animation_duration&quot;:1,&quot;cew_animation_delay&quot;:0,&quot;cew_animation_from_opacity&quot;:0,&quot;cew_animation_to_opacity&quot;:1}\" data-widget_type=\"button.default\">\n\t\t\t\t<div class=\"elementor-widget-container\">\n\t\t\t\t\t\t\t\t\t<div class=\"elementor-button-wrapper\">\n\t\t\t\t\t<a class=\"elementor-button elementor-button-link elementor-size-sm\" href=\"https:\/\/socksr.stronyowocni.pl\/de\/nachhaltigkeitb\/\">\n\t\t\t\t\t\t<span class=\"elementor-button-content-wrapper\">\n\t\t\t\t\t\t\t\t\t<span class=\"elementor-button-text\">Nachhaltigkeit<\/span>\n\t\t\t\t\t<\/span>\n\t\t\t\t\t<\/a>\n\t\t\t\t<\/div>\n\t\t\t\t\t\t\t\t<\/div>\n\t\t\t\t<\/div>\n\t\t\t\t<\/div>\n\t\t<div class=\"elementor-element elementor-element-dbdedd7 e-con-full e-flex e-con e-child\" data-id=\"dbdedd7\" data-element_type=\"container\" data-settings=\"{&quot;background_background&quot;:&quot;classic&quot;,&quot;enable_glow_container&quot;:&quot;no&quot;}\">\n\t\t\t\t<div class=\"elementor-element elementor-element-8cb619e elementor-widget elementor-widget-image\" data-id=\"8cb619e\" data-element_type=\"widget\" data-widget_type=\"image.default\">\n\t\t\t\t<div class=\"elementor-widget-container\">\n\t\t\t\t\t\t\t\t\t\t\t\t\t\t\t<img decoding=\"async\" width=\"800\" height=\"600\" src=\"https:\/\/socksr.stronyowocni.pl\/wp-content\/uploads\/2025\/07\/ecofr-1-1024x768.jpg\" class=\"attachment-large size-large wp-image-6401\" alt=\"\" srcset=\"https:\/\/socksr.stronyowocni.pl\/wp-content\/uploads\/2025\/07\/ecofr-1-1024x768.jpg 1024w, https:\/\/socksr.stronyowocni.pl\/wp-content\/uploads\/2025\/07\/ecofr-1-300x225.jpg 300w, https:\/\/socksr.stronyowocni.pl\/wp-content\/uploads\/2025\/07\/ecofr-1-768x576.jpg 768w, https:\/\/socksr.stronyowocni.pl\/wp-content\/uploads\/2025\/07\/ecofr-1.jpg 1280w\" sizes=\"(max-width: 800px) 100vw, 800px\" \/>\t\t\t\t\t\t\t\t\t\t\t\t\t\t\t<\/div>\n\t\t\t\t<\/div>\n\t\t\t\t<\/div>\n\t\t\t\t<\/div>\n\t\t\t\t<\/div>\n\t\t<div class=\"elementor-element elementor-element-f4f5f1d e-con-full e-flex e-con e-parent\" data-id=\"f4f5f1d\" data-element_type=\"container\" data-settings=\"{&quot;enable_glow_container&quot;:&quot;no&quot;}\">\n\t\t\t\t<div class=\"elementor-element elementor-element-21e7a8b elementor-widget elementor-widget-template\" data-id=\"21e7a8b\" data-element_type=\"widget\" data-widget_type=\"template.default\">\n\t\t\t\t<div class=\"elementor-widget-container\">\n\t\t\t\t\t\t\t<div class=\"elementor-template\">\n\t\t\t\t\t<div data-elementor-type=\"section\" data-elementor-id=\"7131\" class=\"elementor elementor-7131 elementor-3462\" data-elementor-post-type=\"elementor_library\">\n\t\t\t<div class=\"elementor-element elementor-element-4d8b409 e-con-full e-flex e-con e-parent\" data-id=\"4d8b409\" data-element_type=\"container\" data-settings=\"{&quot;enable_glow_container&quot;:&quot;no&quot;}\">\n\t\t\t\t<div class=\"elementor-element elementor-element-7b0469e elementor-widget elementor-widget-heading\" data-id=\"7b0469e\" data-element_type=\"widget\" data-widget_type=\"heading.default\">\n\t\t\t\t<div class=\"elementor-widget-container\">\n\t\t\t\t\t<h2 class=\"elementor-heading-title elementor-size-default\">Entwicklung f\u00fcr die weltweit Gr\u00f6\u00dften:<\/h2>\t\t\t\t<\/div>\n\t\t\t\t<\/div>\n\t\t<div class=\"elementor-element elementor-element-b4690cd e-con-full e-flex e-con e-child\" data-id=\"b4690cd\" data-element_type=\"container\" data-settings=\"{&quot;enable_glow_container&quot;:&quot;no&quot;}\">\n\t\t\t\t<div class=\"elementor-element elementor-element-2806352 elementor-widget elementor-widget-cew-loop-slider-id\" data-id=\"2806352\" data-element_type=\"widget\" data-widget_type=\"cew-loop-slider-id.default\">\n\t\t\t\t<div class=\"elementor-widget-container\">\n\t\t\t\t\t         <div class=\"swiper swiper-horizontal cew_loopSlider\"  data-speed=\"10000\" data-reversedirection=\"false\" data-direction=\"horizontal\" >\n            <div class=\"swiper-wrapper\">\n                    <div class=\"swiper-slide\">\n        <img decoding=\"async\" src=\"https:\/\/socksr.stronyowocni.pl\/wp-content\/uploads\/2025\/07\/Coca-Cola_logotyp.png\" alt=\"\" >\n    <\/div>    <div class=\"swiper-slide\">\n        <img decoding=\"async\" src=\"https:\/\/socksr.stronyowocni.pl\/wp-content\/uploads\/2025\/07\/fb.png\" alt=\"\" >\n    <\/div>    <div class=\"swiper-slide\">\n        <img decoding=\"async\" src=\"https:\/\/socksr.stronyowocni.pl\/wp-content\/uploads\/2025\/07\/visa.png\" alt=\"\" >\n    <\/div>    <div class=\"swiper-slide\">\n        <img decoding=\"async\" src=\"https:\/\/socksr.stronyowocni.pl\/wp-content\/uploads\/2025\/07\/disss.png\" alt=\"\" >\n    <\/div>\n            <\/div>\n        <\/div>\t\t\t\t<\/div>\n\t\t\t\t<\/div>\n\t\t<div class=\"elementor-element elementor-element-e704411 e-con-full e-flex e-con e-child\" data-id=\"e704411\" data-element_type=\"container\" data-settings=\"{&quot;position&quot;:&quot;absolute&quot;,&quot;enable_glow_container&quot;:&quot;no&quot;}\">\n\t\t\t\t<\/div>\n\t\t\t\t<\/div>\n\t\t\t\t<\/div>\n\t\t\t\t<\/div>\n\t\t\t\t<\/div>\n\t\t\t\t\t\t<\/div>\n\t\t\t\t<\/div>\n\t\t\t\t<\/div>\n\t\t\t\t<\/div>\n\t\t","protected":false},"excerpt":{"rendered":"<p>Unsere Leute, Sind jetzt Ihre Leute Eine in \u0141\u00f3d\u017a gewebte Geschichte Was im Textilviertel von Lodz begann, hat sich zu einer globalen Erfolgsgeschichte entwickelt. Von bescheidenen Anf\u00e4ngen bis zur Partnerschaft mit globalen Giganten. Vierzig Jahre, Tausende von Designs, Millionen von Paaren \u2013 jedes erz\u00e4hlt eine Geschichte von Partnerschaft und Pr\u00e4zision. Unser Weg nach vorne? Wir [&hellip;]<\/p>\n","protected":false},"author":1,"featured_media":0,"parent":0,"menu_order":0,"comment_status":"closed","ping_status":"closed","template":"","meta":{"_acf_changed":false,"footnotes":""},"class_list":["post-7027","page","type-page","status-publish","hentry"],"acf":[],"_links":{"self":[{"href":"https:\/\/socksr.stronyowocni.pl\/de\/wp-json\/wp\/v2\/pages\/7027","targetHints":{"allow":["GET"]}}],"collection":[{"href":"https:\/\/socksr.stronyowocni.pl\/de\/wp-json\/wp\/v2\/pages"}],"about":[{"href":"https:\/\/socksr.stronyowocni.pl\/de\/wp-json\/wp\/v2\/types\/page"}],"author":[{"embeddable":true,"href":"https:\/\/socksr.stronyowocni.pl\/de\/wp-json\/wp\/v2\/users\/1"}],"replies":[{"embeddable":true,"href":"https:\/\/socksr.stronyowocni.pl\/de\/wp-json\/wp\/v2\/comments?post=7027"}],"version-history":[{"count":4,"href":"https:\/\/socksr.stronyowocni.pl\/de\/wp-json\/wp\/v2\/pages\/7027\/revisions"}],"predecessor-version":[{"id":7588,"href":"https:\/\/socksr.stronyowocni.pl\/de\/wp-json\/wp\/v2\/pages\/7027\/revisions\/7588"}],"wp:attachment":[{"href":"https:\/\/socksr.stronyowocni.pl\/de\/wp-json\/wp\/v2\/media?parent=7027"}],"curies":[{"name":"wp","href":"https:\/\/api.w.org\/{rel}","templated":true}]}}